{"id":1031,"date":"2018-08-07T11:59:20","date_gmt":"2018-08-07T09:59:20","guid":{"rendered":"https:\/\/www.rehabilitacija.rs\/?page_id=1031"},"modified":"2018-08-27T15:35:12","modified_gmt":"2018-08-27T13:35:12","slug":"associates-friends-and-institutional-donors","status":"publish","type":"page","link":"https:\/\/www.rehabilitacija.rs\/en\/associates-friends-and-institutional-donors\/","title":{"rendered":"Associates, friends and institutional donors"},"content":{"rendered":"<ul>\n<li>Elektroprivreda Srbije<\/li>\n<li>JP Elektromre\u017ea Srbije<\/li>\n<li>AD Elektromre\u017ea Srbije<\/li>\n<li>Sindikat radnika Elektroprivrede Srbije<\/li>\n<li>Unogradnja V.V.<\/li>\n<li>Humanitarna organizacija Caritas<\/li>\n<li>Galabern DOO<\/li>\n<li>Krka &#8211; farma DOO<\/li>\n<li>Desing DOO<\/li>\n<li>St. Nicolas school<\/li>\n<li>Maxima DOO<\/li>\n<li>Inpharm Co DOO<\/li>\n<li>Restoran \u201eStenka\u201c<\/li>\n<li>Poslasti\u010darnica \u201eVrap\u010di\u0107i\u201c<\/li>\n<li>Vladan Maksimovi\u0107<\/li>\n<li>Maja Josi\u0107<\/li>\n<li>Renata i Marko Mili\u0107<\/li>\n<li>Irma \u010colak Anti\u0107<\/li>\n<li>Dijana Ota\u0161evi\u0107<\/li>\n<\/ul>\n","protected":false},"excerpt":{"rendered":"<p>Elektroprivreda Srbije JP Elektromre\u017ea Srbije AD Elektromre\u017ea Srbije Sindikat radnika Elektroprivrede Srbije Unogradnja V.V. Humanitarna organizacija Caritas Galabern DOO Krka &#8211; farma DOO Desing DOO St. Nicolas school Maxima DOO Inpharm Co DOO Restoran \u201eStenka\u201c Poslasti\u010darnica \u201eVrap\u010di\u0107i\u201c Vladan Maksimovi\u0107 Maja Josi\u0107 Renata i Marko Mili\u0107 Irma \u010colak Anti\u0107 Dijana Ota\u0161evi\u0107<\/p>\n","protected":false},"author":1,"featured_media":0,"parent":0,"menu_order":0,"comment_status":"closed","ping_status":"closed","template":"","meta":{"site-sidebar-layout":"default","site-content-layout":"default","ast-site-content-layout":"default","site-content-style":"default","site-sidebar-style":"default","ast-global-header-display":"","ast-banner-title-visibility":"","ast-main-header-display":"","ast-hfb-above-header-display":"","ast-hfb-below-header-display":"","ast-hfb-mobile-header-display":"","site-post-title":"","ast-breadcrumbs-content":"","ast-featured-img":"","footer-sml-layout":"","ast-disable-related-posts":"","theme-transparent-header-meta":"","adv-header-id-meta":"","stick-header-meta":"","header-above-stick-meta":"","header-main-stick-meta":"","header-below-stick-meta":"","astra-migrate-meta-layouts":"default","ast-page-background-enabled":"default","ast-page-background-meta":{"desktop":{"background-color":"","background-image":"","background-repeat":"repeat","background-position":"center center","background-size":"auto","background-attachment":"scroll","background-type":"","background-media":"","overlay-type":"","overlay-color":"","overlay-opacity":"","overlay-gradient":""},"tablet":{"background-color":"","background-image":"","background-repeat":"repeat","background-position":"center center","background-size":"auto","background-attachment":"scroll","background-type":"","background-media":"","overlay-type":"","overlay-color":"","overlay-opacity":"","overlay-gradient":""},"mobile":{"background-color":"","background-image":"","background-repeat":"repeat","background-position":"center center","background-size":"auto","background-attachment":"scroll","background-type":"","background-media":"","overlay-type":"","overlay-color":"","overlay-opacity":"","overlay-gradient":""}},"ast-content-background-meta":{"desktop":{"background-color":"var(--ast-global-color-5)","background-image":"","background-repeat":"repeat","background-position":"center center","background-size":"auto","background-attachment":"scroll","background-type":"","background-media":"","overlay-type":"","overlay-color":"","overlay-opacity":"","overlay-gradient":""},"tablet":{"background-color":"var(--ast-global-color-5)","background-image":"","background-repeat":"repeat","background-position":"center center","background-size":"auto","background-attachment":"scroll","background-type":"","background-media":"","overlay-type":"","overlay-color":"","overlay-opacity":"","overlay-gradient":""},"mobile":{"background-color":"var(--ast-global-color-5)","background-image":"","background-repeat":"repeat","background-position":"center center","background-size":"auto","background-attachment":"scroll","background-type":"","background-media":"","overlay-type":"","overlay-color":"","overlay-opacity":"","overlay-gradient":""}},"footnotes":""},"class_list":["post-1031","page","type-page","status-publish","hentry"],"_links":{"self":[{"href":"https:\/\/www.rehabilitacija.rs\/en\/wp-json\/wp\/v2\/pages\/1031","targetHints":{"allow":["GET"]}}],"collection":[{"href":"https:\/\/www.rehabilitacija.rs\/en\/wp-json\/wp\/v2\/pages"}],"about":[{"href":"https:\/\/www.rehabilitacija.rs\/en\/wp-json\/wp\/v2\/types\/page"}],"author":[{"embeddable":true,"href":"https:\/\/www.rehabilitacija.rs\/en\/wp-json\/wp\/v2\/users\/1"}],"replies":[{"embeddable":true,"href":"https:\/\/www.rehabilitacija.rs\/en\/wp-json\/wp\/v2\/comments?post=1031"}],"version-history":[{"count":5,"href":"https:\/\/www.rehabilitacija.rs\/en\/wp-json\/wp\/v2\/pages\/1031\/revisions"}],"predecessor-version":[{"id":1215,"href":"https:\/\/www.rehabilitacija.rs\/en\/wp-json\/wp\/v2\/pages\/1031\/revisions\/1215"}],"wp:attachment":[{"href":"https:\/\/www.rehabilitacija.rs\/en\/wp-json\/wp\/v2\/media?parent=1031"}],"curies":[{"name":"wp","href":"https:\/\/api.w.org\/{rel}","templated":true}]}}