{"id":1048,"date":"2018-08-07T12:04:27","date_gmt":"2018-08-07T10:04:27","guid":{"rendered":"https:\/\/www.rehabilitacija.rs\/?page_id=1048"},"modified":"2019-05-08T12:35:40","modified_gmt":"2019-05-08T10:35:40","slug":"schedule-of-doctors-working-hours-in-ambulances","status":"publish","type":"page","link":"https:\/\/www.rehabilitacija.rs\/en\/for-patients\/schedule-of-doctors-working-hours-in-ambulances\/","title":{"rendered":"Schedule of doctors&#8217; working hours in ambulances"},"content":{"rendered":"<div class=\"wpb-content-wrapper\"><p>[vc_row][vc_column css=&#8221;.vc_custom_1527608332668{padding-right: 0px !important;padding-left: 0px !important;}&#8221;][vc_tta_accordion shape=&#8221;square&#8221; spacing=&#8221;20&#8243; c_icon=&#8221;&#8221; active_section=&#8221;1&#8243; el_class=&#8221;zapacijente&#8221;][vc_tta_section title=&#8221;TRAUMATOLOGICAL AMBULANCE (ambulance 1)&#8221; tab_id=&#8221;1527593517642-389a53b8-fc5c&#8221; el_class=&#8221;traumatologija&#8221;][vc_row_inner equal_height=&#8221;yes&#8221;][vc_column_inner width=&#8221;1\/6&#8243; css=&#8221;.vc_custom_1529571792247{background-image: url(https:\/\/www.rehabilitacija.rs\/wp-content\/uploads\/2018\/06\/traumatoloska-ambulanta.png?id=331) !important;background-position: center !important;background-repeat: no-repeat !important;background-size: contain !important;}&#8221; offset=&#8221;vc_hidden-xs&#8221;][\/vc_column_inner][vc_column_inner width=&#8221;1\/6&#8243;][vc_custom_heading text=&#8221;MONDAY&#8221; font_container=&#8221;tag:h2|font_size:12px|text_align:left&#8221; use_theme_fonts=&#8221;yes&#8221;][vc_custom_heading text=&#8221;Snezana Mijatovi\u0107, MD&#8221; font_container=&#8221;tag:p|font_size:13px|text_align:left&#8221; use_theme_fonts=&#8221;yes&#8221;][vc_empty_space height=&#8221;20px&#8221;][\/vc_column_inner][vc_column_inner width=&#8221;1\/6&#8243;][vc_custom_heading text=&#8221;TUESDAY&#8221; font_container=&#8221;tag:h2|font_size:12px|text_align:left&#8221; use_theme_fonts=&#8221;yes&#8221;][vc_custom_heading text=&#8221;Primarius Aleksandar Pavlovi\u0107, MD, MSc&#8221; font_container=&#8221;tag:p|font_size:13px|text_align:left&#8221; use_theme_fonts=&#8221;yes&#8221;][vc_empty_space height=&#8221;20px&#8221;][\/vc_column_inner][vc_column_inner width=&#8221;1\/6&#8243;][vc_custom_heading text=&#8221;WEDNESDAY&#8221; font_container=&#8221;tag:h2|font_size:12px|text_align:left&#8221; use_theme_fonts=&#8221;yes&#8221;][vc_custom_heading text=&#8221;Primarius Aleksandar Stojanovi\u0107, MD&#8221; font_container=&#8221;tag:p|font_size:13px|text_align:left&#8221; use_theme_fonts=&#8221;yes&#8221;][vc_empty_space height=&#8221;20px&#8221;][\/vc_column_inner][vc_column_inner width=&#8221;1\/6&#8243;][vc_custom_heading text=&#8221;THURSDAY&#8221; font_container=&#8221;tag:h2|font_size:12px|text_align:left&#8221; use_theme_fonts=&#8221;yes&#8221;][vc_custom_heading text=&#8221;Primarius Aleksandar Pavlovi\u0107, MD&#8221; font_container=&#8221;tag:p|font_size:13px|text_align:left&#8221; use_theme_fonts=&#8221;yes&#8221;][vc_empty_space height=&#8221;20px&#8221;][\/vc_column_inner][vc_column_inner width=&#8221;1\/6&#8243;][vc_custom_heading text=&#8221;FRIDAY&#8221; font_container=&#8221;tag:h2|font_size:12px|text_align:left&#8221; use_theme_fonts=&#8221;yes&#8221;][vc_custom_heading text=&#8221;Sne\u017eana Mijatovi\u0107, MD&#8221; font_container=&#8221;tag:p|font_size:13px|text_align:left&#8221; use_theme_fonts=&#8221;yes&#8221;][vc_empty_space height=&#8221;20px&#8221;][\/vc_column_inner][\/vc_row_inner][\/vc_tta_section][vc_tta_section title=&#8221;RHEUMATOLOGICAL AMBULANCE (ambulance 2)&#8221; tab_id=&#8221;1527593517642-7dd8598e-4139&#8243; el_class=&#8221;reumatologija&#8221;][vc_row_inner equal_height=&#8221;yes&#8221;][vc_column_inner width=&#8221;1\/6&#8243; css=&#8221;.vc_custom_1529571809407{background-image: url(https:\/\/www.rehabilitacija.rs\/wp-content\/uploads\/2018\/06\/reumatoloska-ambulanta.png?id=330) !important;background-position: center !important;background-repeat: no-repeat !important;background-size: contain !important;}&#8221; offset=&#8221;vc_hidden-xs&#8221;][\/vc_column_inner][vc_column_inner width=&#8221;1\/6&#8243;][vc_custom_heading text=&#8221;MONDAY&#8221; font_container=&#8221;tag:h2|font_size:12px|text_align:left&#8221; use_theme_fonts=&#8221;yes&#8221;][vc_custom_heading text=&#8221;Primarius Nenad Milovanovi\u0107, MD&#8221; font_container=&#8221;tag:p|font_size:13px|text_align:left&#8221; use_theme_fonts=&#8221;yes&#8221;][vc_empty_space height=&#8221;20px&#8221;][\/vc_column_inner][vc_column_inner width=&#8221;1\/6&#8243;][vc_custom_heading text=&#8221;TUESDAY&#8221; font_container=&#8221;tag:h2|font_size:12px|text_align:left&#8221; use_theme_fonts=&#8221;yes&#8221;][vc_custom_heading text=&#8221;Primarius \u017deljko Kanjuh, MD, MSc&#8221; font_container=&#8221;tag:p|font_size:13px|text_align:left&#8221; use_theme_fonts=&#8221;yes&#8221;][vc_empty_space height=&#8221;20px&#8221;][\/vc_column_inner][vc_column_inner width=&#8221;1\/6&#8243;][vc_custom_heading text=&#8221;WEDNESDAY&#8221; font_container=&#8221;tag:h2|font_size:12px|text_align:left&#8221; use_theme_fonts=&#8221;yes&#8221;][vc_custom_heading text=&#8221;Primarius Dragana Petrovi\u0107, MD&#8221; font_container=&#8221;tag:p|font_size:13px|text_align:left&#8221; use_theme_fonts=&#8221;yes&#8221;][vc_empty_space height=&#8221;20px&#8221;][\/vc_column_inner][vc_column_inner width=&#8221;1\/6&#8243;][vc_custom_heading text=&#8221;THURSDAY&#8221; font_container=&#8221;tag:h2|font_size:12px|text_align:left&#8221; use_theme_fonts=&#8221;yes&#8221;][vc_custom_heading text=&#8221;Dragana Milenkovi\u0107, MD&#8221; font_container=&#8221;tag:p|font_size:13px|text_align:left&#8221; use_theme_fonts=&#8221;yes&#8221;][vc_empty_space height=&#8221;20px&#8221;][\/vc_column_inner][vc_column_inner width=&#8221;1\/6&#8243;][vc_custom_heading text=&#8221;FRIDAY&#8221; font_container=&#8221;tag:h2|font_size:12px|text_align:left&#8221; use_theme_fonts=&#8221;yes&#8221;][\/vc_column_inner][\/vc_row_inner][\/vc_tta_section][vc_tta_section title=&#8221;NEUROLOGICAL AMBULANCE (ambulance 5)&#8221; tab_id=&#8221;1527606400609-8efbeca7-78b9&#8243; el_class=&#8221;neurologija&#8221;][vc_row_inner equal_height=&#8221;yes&#8221;][vc_column_inner width=&#8221;1\/6&#8243; css=&#8221;.vc_custom_1529571816542{background-image: url(https:\/\/www.rehabilitacija.rs\/wp-content\/uploads\/2018\/06\/neuroloska-ambulanta.png?id=328) !important;background-position: center !important;background-repeat: no-repeat !important;background-size: contain !important;}&#8221; offset=&#8221;vc_hidden-xs&#8221;][\/vc_column_inner][vc_column_inner width=&#8221;1\/6&#8243;][vc_custom_heading text=&#8221;MONDAY&#8221; font_container=&#8221;tag:h2|font_size:12px|text_align:left&#8221; use_theme_fonts=&#8221;yes&#8221;][vc_custom_heading text=&#8221;Olivera \u0110or\u0111evi\u0107, MD, MSc&#8221; font_container=&#8221;tag:p|font_size:13px|text_align:left&#8221; use_theme_fonts=&#8221;yes&#8221;][vc_empty_space height=&#8221;20px&#8221;][\/vc_column_inner][vc_column_inner width=&#8221;1\/6&#8243;][vc_custom_heading text=&#8221;TUESDAY&#8221; font_container=&#8221;tag:h2|font_size:12px|text_align:left&#8221; use_theme_fonts=&#8221;yes&#8221;][vc_custom_heading text=&#8221;Sindi Rodi\u0107, MD&#8221; font_container=&#8221;tag:p|font_size:13px|text_align:left&#8221; use_theme_fonts=&#8221;yes&#8221;][vc_empty_space height=&#8221;20px&#8221;][\/vc_column_inner][vc_column_inner width=&#8221;1\/6&#8243;][vc_custom_heading text=&#8221;WEDNESDAY&#8221; font_container=&#8221;tag:h2|font_size:12px|text_align:left&#8221; use_theme_fonts=&#8221;yes&#8221;][vc_custom_heading text=&#8221;Marica Gavrilovi\u0107, MD&#8221; font_container=&#8221;tag:p|font_size:13px|text_align:left&#8221; use_theme_fonts=&#8221;yes&#8221;][vc_custom_heading text=&#8221;Primarius Biljana Stojanovi\u0107, MD, MSc&#8221; font_container=&#8221;tag:p|font_size:13px|text_align:left&#8221; use_theme_fonts=&#8221;yes&#8221;][vc_empty_space height=&#8221;20px&#8221;][\/vc_column_inner][vc_column_inner width=&#8221;1\/6&#8243;][vc_custom_heading text=&#8221;THURSDAY&#8221; font_container=&#8221;tag:h2|font_size:12px|text_align:left&#8221; use_theme_fonts=&#8221;yes&#8221;][vc_custom_heading text=&#8221;Prof. Ljubica Konstantinovi\u0107, MD&#8221; font_container=&#8221;tag:p|font_size:13px|text_align:left&#8221; use_theme_fonts=&#8221;yes&#8221;][vc_custom_heading text=&#8221;Ass. prof. Aleksandra Vidakovi\u0107, MD&#8221; font_container=&#8221;tag:p|font_size:13px|text_align:left&#8221; use_theme_fonts=&#8221;yes&#8221;][\/vc_column_inner][vc_column_inner width=&#8221;1\/6&#8243;][vc_custom_heading text=&#8221;FRIDAY&#8221; font_container=&#8221;tag:h2|font_size:12px|text_align:left&#8221; use_theme_fonts=&#8221;yes&#8221;][vc_empty_space height=&#8221;20px&#8221;][\/vc_column_inner][\/vc_row_inner][\/vc_tta_section][vc_tta_section title=&#8221;NEUROORTOPEDIC AMBULANCE (ambulance 6)&#8221; tab_id=&#8221;1527606411087-417a345d-e4c6&#8243; el_class=&#8221;neuroortopedija&#8221;][vc_row_inner equal_height=&#8221;yes&#8221;][vc_column_inner width=&#8221;1\/6&#8243; css=&#8221;.vc_custom_1529571823975{background-image: url(https:\/\/www.rehabilitacija.rs\/wp-content\/uploads\/2018\/06\/neuroortopedska-ambulanta.png?id=329) !important;background-position: center !important;background-repeat: no-repeat !important;background-size: contain !important;}&#8221; offset=&#8221;vc_hidden-xs&#8221;][\/vc_column_inner][vc_column_inner width=&#8221;1\/6&#8243;][vc_custom_heading text=&#8221;MONDAY&#8221; font_container=&#8221;tag:h2|font_size:12px|text_align:left&#8221; use_theme_fonts=&#8221;yes&#8221;][vc_custom_heading text=&#8221;Rade Babovi\u0107, MD, MSc&#8221; font_container=&#8221;tag:p|font_size:13px|text_align:left&#8221; use_theme_fonts=&#8221;yes&#8221;][vc_empty_space height=&#8221;20px&#8221;][\/vc_column_inner][vc_column_inner width=&#8221;1\/6&#8243;][vc_custom_heading text=&#8221;TUESDAY&#8221; font_container=&#8221;tag:h2|font_size:12px|text_align:left&#8221; use_theme_fonts=&#8221;yes&#8221;][vc_custom_heading text=&#8221;Sladjana Kosti\u0107, MD, MSc&#8221; font_container=&#8221;tag:p|font_size:13px|text_align:left&#8221; use_theme_fonts=&#8221;yes&#8221;][vc_empty_space height=&#8221;20px&#8221;][\/vc_column_inner][vc_column_inner width=&#8221;1\/6&#8243;][vc_custom_heading text=&#8221;WEDNESDAY&#8221; font_container=&#8221;tag:h2|font_size:12px|text_align:left&#8221; use_theme_fonts=&#8221;yes&#8221;][vc_custom_heading text=&#8221;Radoje \u010cobelji\u0107, MD, MSc&#8221; font_container=&#8221;tag:p|font_size:13px|text_align:left&#8221; use_theme_fonts=&#8221;yes&#8221;][vc_empty_space height=&#8221;20px&#8221;][\/vc_column_inner][vc_column_inner width=&#8221;1\/6&#8243;][vc_custom_heading text=&#8221;THURSDAY&#8221; font_container=&#8221;tag:h2|font_size:12px|text_align:left&#8221; use_theme_fonts=&#8221;yes&#8221;][vc_custom_heading text=&#8221;Primarius Dragan Vulovi\u0107, MD&#8221; font_container=&#8221;tag:p|font_size:13px|text_align:left&#8221; use_theme_fonts=&#8221;yes&#8221;][vc_empty_space height=&#8221;20px&#8221;][\/vc_column_inner][vc_column_inner width=&#8221;1\/6&#8243;][vc_custom_heading text=&#8221;FRIDAY&#8221; font_container=&#8221;tag:h2|font_size:12px|text_align:left&#8221; use_theme_fonts=&#8221;yes&#8221;][\/vc_column_inner][\/vc_row_inner][\/vc_tta_section][vc_tta_section title=&#8221;CHILDREN\u2019S AMBULANCE (Children&#8217;s department)&#8221; tab_id=&#8221;1527606412017-2afd3c3d-8ba1&#8243; el_class=&#8221;decijaambulanta&#8221;][vc_row_inner equal_height=&#8221;yes&#8221;][vc_column_inner width=&#8221;1\/6&#8243; css=&#8221;.vc_custom_1529571830390{background-image: url(https:\/\/www.rehabilitacija.rs\/wp-content\/uploads\/2018\/06\/decija-ambulanta.png?id=327) !important;background-position: center !important;background-repeat: no-repeat !important;background-size: contain !important;}&#8221; offset=&#8221;vc_hidden-xs&#8221;][\/vc_column_inner][vc_column_inner width=&#8221;1\/6&#8243;][vc_custom_heading text=&#8221;MONDAY&#8221; font_container=&#8221;tag:h2|font_size:12px|text_align:left&#8221; use_theme_fonts=&#8221;yes&#8221;][vc_custom_heading text=&#8221;Aleksandar Sekuli\u0107, MD, MSc&#8221; font_container=&#8221;tag:p|font_size:13px|text_align:left&#8221; use_theme_fonts=&#8221;yes&#8221;][vc_custom_heading text=&#8221;Jelena Stikovi\u0107, MD&#8221; font_container=&#8221;tag:p|font_size:13px|text_align:left&#8221; use_theme_fonts=&#8221;yes&#8221;][vc_empty_space height=&#8221;20px&#8221;][\/vc_column_inner][vc_column_inner width=&#8221;1\/6&#8243;][vc_custom_heading text=&#8221;TUESDAY&#8221; font_container=&#8221;tag:h2|font_size:12px|text_align:left&#8221; use_theme_fonts=&#8221;yes&#8221;][vc_custom_heading text=&#8221;Primarius Srbislav Stevanovi\u0107, MD&#8221; font_container=&#8221;tag:p|font_size:13px|text_align:left&#8221; use_theme_fonts=&#8221;yes&#8221;][vc_empty_space height=&#8221;20px&#8221;][\/vc_column_inner][vc_column_inner width=&#8221;1\/6&#8243;][vc_custom_heading text=&#8221;WEDNESDAY&#8221; font_container=&#8221;tag:h2|font_size:12px|text_align:left&#8221; use_theme_fonts=&#8221;yes&#8221;][vc_custom_heading text=&#8221;Primarius Srbislav Stevanovi\u0107, MD&#8221; font_container=&#8221;tag:p|font_size:13px|text_align:left&#8221; use_theme_fonts=&#8221;yes&#8221;][vc_custom_heading text=&#8221;Jelena Stikovi\u0107, MD&#8221; font_container=&#8221;tag:p|font_size:13px|text_align:left&#8221; use_theme_fonts=&#8221;yes&#8221;][vc_empty_space height=&#8221;20px&#8221;][\/vc_column_inner][vc_column_inner width=&#8221;1\/6&#8243;][vc_custom_heading text=&#8221;THURSDAY&#8221; font_container=&#8221;tag:h2|font_size:12px|text_align:left&#8221; use_theme_fonts=&#8221;yes&#8221;][vc_custom_heading text=&#8221;Primarius Danijela Vuki\u0107evi\u0107, MD&#8221; font_container=&#8221;tag:p|font_size:13px|text_align:left&#8221; use_theme_fonts=&#8221;yes&#8221;][vc_empty_space height=&#8221;20px&#8221;][\/vc_column_inner][vc_column_inner width=&#8221;1\/6&#8243;][vc_custom_heading text=&#8221;FRIDAY&#8221; font_container=&#8221;tag:h2|font_size:12px|text_align:left&#8221; use_theme_fonts=&#8221;yes&#8221;][vc_custom_heading text=&#8221;Primarius Danijela Vuki\u0107evi\u0107, MD&#8221; font_container=&#8221;tag:p|font_size:13px|text_align:left&#8221; use_theme_fonts=&#8221;yes&#8221;][vc_empty_space height=&#8221;20px&#8221;][\/vc_column_inner][\/vc_row_inner][\/vc_tta_section][\/vc_tta_accordion][\/vc_column][\/vc_row][vc_row][vc_column][vc_empty_space][\/vc_column][\/vc_row]<\/p>\n<\/div>","protected":false},"excerpt":{"rendered":"<p>[vc_row][vc_column css=&#8221;.vc_custom_1527608332668{padding-right: 0px !important;padding-left: 0px !important;}&#8221;][vc_tta_accordion shape=&#8221;square&#8221; spacing=&#8221;20&#8243; c_icon=&#8221;&#8221; active_section=&#8221;1&#8243; el_class=&#8221;zapacijente&#8221;][vc_tta_section title=&#8221;TRAUMATOLOGICAL AMBULANCE (ambulance 1)&#8221; tab_id=&#8221;1527593517642-389a53b8-fc5c&#8221; el_class=&#8221;traumatologija&#8221;][vc_row_inner equal_height=&#8221;yes&#8221;][vc_column_inner width=&#8221;1\/6&#8243; css=&#8221;.vc_custom_1529571792247{background-image: url(https:\/\/www.rehabilitacija.rs\/wp-content\/uploads\/2018\/06\/traumatoloska-ambulanta.png?id=331) !important;background-position: center !important;background-repeat: no-repeat !important;background-size: contain !important;}&#8221; offset=&#8221;vc_hidden-xs&#8221;][\/vc_column_inner][vc_column_inner width=&#8221;1\/6&#8243;][vc_custom_heading text=&#8221;MONDAY&#8221; font_container=&#8221;tag:h2|font_size:12px|text_align:left&#8221; use_theme_fonts=&#8221;yes&#8221;][vc_custom_heading text=&#8221;Snezana Mijatovi\u0107, MD&#8221; font_container=&#8221;tag:p|font_size:13px|text_align:left&#8221; use_theme_fonts=&#8221;yes&#8221;][vc_empty_space height=&#8221;20px&#8221;][\/vc_column_inner][vc_column_inner width=&#8221;1\/6&#8243;][vc_custom_heading text=&#8221;TUESDAY&#8221; font_container=&#8221;tag:h2|font_size:12px|text_align:left&#8221; use_theme_fonts=&#8221;yes&#8221;][vc_custom_heading text=&#8221;Primarius Aleksandar Pavlovi\u0107, MD, MSc&#8221; font_container=&#8221;tag:p|font_size:13px|text_align:left&#8221; use_theme_fonts=&#8221;yes&#8221;][vc_empty_space height=&#8221;20px&#8221;][\/vc_column_inner][vc_column_inner width=&#8221;1\/6&#8243;][vc_custom_heading text=&#8221;WEDNESDAY&#8221; font_container=&#8221;tag:h2|font_size:12px|text_align:left&#8221; use_theme_fonts=&#8221;yes&#8221;][vc_custom_heading [&hellip;]<\/p>\n","protected":false},"author":1,"featured_media":780,"parent":1036,"menu_order":2,"comment_status":"closed","ping_status":"closed","template":"","meta":{"site-sidebar-layout":"no-sidebar","site-content-layout":"plain-container","ast-site-content-layout":"normal-width-container","site-content-style":"unboxed","site-sidebar-style":"unboxed","ast-global-header-display":"","ast-banner-title-visibility":"","ast-main-header-display":"","ast-hfb-above-header-display":"","ast-hfb-below-header-display":"","ast-hfb-mobile-header-display":"","site-post-title":"","ast-breadcrumbs-content":"","ast-featured-img":"disabled","footer-sml-layout":"","ast-disable-related-posts":"","theme-transparent-header-meta":"default","adv-header-id-meta":"","stick-header-meta":"","header-above-stick-meta":"","header-main-stick-meta":"","header-below-stick-meta":"","astra-migrate-meta-layouts":"default","ast-page-background-enabled":"default","ast-page-background-meta":{"desktop":{"background-color":"","background-image":"","background-repeat":"repeat","background-position":"center center","background-size":"auto","background-attachment":"scroll","background-type":"","background-media":"","overlay-type":"","overlay-color":"","overlay-opacity":"","overlay-gradient":""},"tablet":{"background-color":"","background-image":"","background-repeat":"repeat","background-position":"center center","background-size":"auto","background-attachment":"scroll","background-type":"","background-media":"","overlay-type":"","overlay-color":"","overlay-opacity":"","overlay-gradient":""},"mobile":{"background-color":"","background-image":"","background-repeat":"repeat","background-position":"center center","background-size":"auto","background-attachment":"scroll","background-type":"","background-media":"","overlay-type":"","overlay-color":"","overlay-opacity":"","overlay-gradient":""}},"ast-content-background-meta":{"desktop":{"background-color":"var(--ast-global-color-5)","background-image":"","background-repeat":"repeat","background-position":"center center","background-size":"auto","background-attachment":"scroll","background-type":"","background-media":"","overlay-type":"","overlay-color":"","overlay-opacity":"","overlay-gradient":""},"tablet":{"background-color":"var(--ast-global-color-5)","background-image":"","background-repeat":"repeat","background-position":"center center","background-size":"auto","background-attachment":"scroll","background-type":"","background-media":"","overlay-type":"","overlay-color":"","overlay-opacity":"","overlay-gradient":""},"mobile":{"background-color":"var(--ast-global-color-5)","background-image":"","background-repeat":"repeat","background-position":"center center","background-size":"auto","background-attachment":"scroll","background-type":"","background-media":"","overlay-type":"","overlay-color":"","overlay-opacity":"","overlay-gradient":""}},"footnotes":""},"class_list":["post-1048","page","type-page","status-publish","has-post-thumbnail","hentry"],"_links":{"self":[{"href":"https:\/\/www.rehabilitacija.rs\/en\/wp-json\/wp\/v2\/pages\/1048","targetHints":{"allow":["GET"]}}],"collection":[{"href":"https:\/\/www.rehabilitacija.rs\/en\/wp-json\/wp\/v2\/pages"}],"about":[{"href":"https:\/\/www.rehabilitacija.rs\/en\/wp-json\/wp\/v2\/types\/page"}],"author":[{"embeddable":true,"href":"https:\/\/www.rehabilitacija.rs\/en\/wp-json\/wp\/v2\/users\/1"}],"replies":[{"embeddable":true,"href":"https:\/\/www.rehabilitacija.rs\/en\/wp-json\/wp\/v2\/comments?post=1048"}],"version-history":[{"count":14,"href":"https:\/\/www.rehabilitacija.rs\/en\/wp-json\/wp\/v2\/pages\/1048\/revisions"}],"predecessor-version":[{"id":1781,"href":"https:\/\/www.rehabilitacija.rs\/en\/wp-json\/wp\/v2\/pages\/1048\/revisions\/1781"}],"up":[{"embeddable":true,"href":"https:\/\/www.rehabilitacija.rs\/en\/wp-json\/wp\/v2\/pages\/1036"}],"wp:featuredmedia":[{"embeddable":true,"href":"https:\/\/www.rehabilitacija.rs\/en\/wp-json\/wp\/v2\/media\/780"}],"wp:attachment":[{"href":"https:\/\/www.rehabilitacija.rs\/en\/wp-json\/wp\/v2\/media?parent=1048"}],"curies":[{"name":"wp","href":"https:\/\/api.w.org\/{rel}","templated":true}]}}